{"id":471,"date":"2016-11-27T11:25:55","date_gmt":"2016-11-27T11:25:55","guid":{"rendered":"http:\/\/www.filo-tex-garne.de\/en\/lager\/"},"modified":"2016-11-27T11:25:55","modified_gmt":"2016-11-27T11:25:55","slug":"lager","status":"publish","type":"page","link":"https:\/\/www.filo-tex-garne.de\/en\/lager\/","title":{"rendered":"Lager"},"content":{"rendered":"<p>[vc_row full_width=&#8221;stretch_row_content_no_spaces&#8221; css=&#8221;.vc_custom_1479920357602{margin-top: 0px !important;margin-bottom: 0px !important;border-top-width: 0px !important;border-bottom-width: 0px !important;padding-top: 0px !important;padding-bottom: 0px !important;}&#8221;][vc_column css=&#8221;.vc_custom_1479920380557{margin-top: 0px !important;margin-bottom: 0px !important;border-top-width: 0px !important;border-bottom-width: 0px !important;padding-top: 0px !important;padding-bottom: 0px !important;}&#8221;][vc_single_image image=&#8221;104&#8243; img_size=&#8221;full&#8221; alignment=&#8221;center&#8221; css_animation=&#8221;right-to-left&#8221; css=&#8221;.vc_custom_1479930288662{margin-top: 0px !important;margin-bottom: 0px !important;border-top-width: 0px !important;border-bottom-width: 0px !important;padding-top: 0px !important;padding-bottom: 0px !important;}&#8221;][\/vc_column][\/vc_row][vc_row full_width=&#8221;stretch_row&#8221; css=&#8221;.vc_custom_1479917355585{margin-top: 15px !important;border-top-width: 0px !important;padding-top: 0px !important;}&#8221;][vc_column css=&#8221;.vc_custom_1479915774449{margin-top: 0px !important;border-top-width: 0px !important;padding-top: 0px !important;}&#8221;][vc_column_text css=&#8221;.vc_custom_1479929071333{margin-top: 0px !important;border-top-width: 0px !important;padding-top: 0px !important;}&#8221;]<a class=\"underlined\" href=\"\/home\/\">Home<\/a> &gt; Lagersortiment[\/vc_column_text][\/vc_column][\/vc_row][vc_row full_width=&#8221;stretch_row&#8221; css=&#8221;.vc_custom_1479918133407{margin-bottom: 20px !important;}&#8221;][vc_column][vc_column_text el_class=&#8221;unter_bottom&#8221;]<\/p>\n<h3>LAGERSORTIMENT<\/h3>\n<p>&nbsp;<\/p>\n<p>Wir f\u00fchren im Stockservice eine umfangreiche Palette an Garnen f\u00fcr nahezu alle Einsatzbereiche. Der weit \u00fcberwiegende Teil unserer Produkte ist zertifiziert nach \u00d6ko-tex Standard 100. Durch Qualit\u00e4tskontrollen im eigenen Labor, eine st\u00e4ndig aktualisierte Garnparameter-Datenbank und langj\u00e4hrige Zusammenarbeit mit ausgesuchten Vorlieferanten stellen wir einen gleichbleibenden Qualit\u00e4tsstandard unserer Produkte sicher. In vielen Basis-Qualit\u00e4ten f\u00fchren wir EU-Ursprungsgarne sowie Importgarne aus Drittl\u00e4ndern zur optimalen Preisgestaltung.[\/vc_column_text][\/vc_column][\/vc_row][vc_row full_width=&#8221;stretch_row_content&#8221;][vc_column][vc_single_image image=&#8221;230&#8243; img_size=&#8221;full&#8221; alignment=&#8221;center&#8221;][\/vc_column][\/vc_row][vc_row css=&#8221;.vc_custom_1480246662379{background-position: 0 0 !important;background-repeat: no-repeat !important;}&#8221; el_id=&#8221;lager_bg11&#8243;][vc_column width=&#8221;1\/2&#8243;][vc_column_text css=&#8221;.vc_custom_1479931167769{margin-right: 0px !important;}&#8221;]<\/p>\n<h3 style=\"text-align: right;\">SPINNFASERGARNE<\/h3>\n<p style=\"text-align: right;\">Garne aus 100% Baumwolle konventionell rohwei\u00df<\/p>\n<p style=\"text-align: right;\">Garne aus 100% KbA \u2013 Baumwolle rohwei\u00df, farbig + Melangen<\/p>\n<p style=\"text-align: right;\">Garne aus Modal micro, Viscose, Polyester<\/p>\n<p style=\"text-align: right;\">Garne aus Fasermischungen rohwei\u00df<\/p>\n<p style=\"text-align: right;\">Garne aus PAN und PAN-Mischungen kreuzspulgef\u00e4rbte Baumwollgarne<\/p>\n<p style=\"text-align: right;\">Melange-, Jasp\u00e9-, Tweedgarne<\/p>\n<p>[\/vc_column_text][\/vc_column][vc_column width=&#8221;1\/2&#8243; css=&#8221;.vc_custom_1479930028643{margin-left: 50px !important;}&#8221;][vc_column_text css=&#8221;.vc_custom_1479931208646{padding-left: 155px !important;}&#8221;]<\/p>\n<h3 style=\"text-align: left;\">FILAMENTGARNE<\/h3>\n<p style=\"text-align: left;\">Viscose-Filamentgarne<\/p>\n<p style=\"text-align: left;\">Acetat-Filamentgarn<\/p>\n<p style=\"text-align: left;\">Polyamid-Filamentgarne<\/p>\n<p style=\"text-align: left;\">Polyester-Filamentgarne<\/p>\n<p style=\"text-align: left;\">Elastangarne<\/p>\n<p>[\/vc_column_text][\/vc_column][\/vc_row]<\/p>\n","protected":false},"excerpt":{"rendered":"<p>[vc_row full_width=&#8221;stretch_row_content_no_spaces&#8221; css=&#8221;.vc_custom_1479920357602{margin-top: 0px !important;margin-bottom: 0px !important;border-top-width: 0px !important;border-bottom-width: 0px !important;padding-top: 0px !important;padding-bottom: 0px !important;}&#8221;][vc_column css=&#8221;.vc_custom_1479920380557{margin-top: 0px !important;margin-bottom: 0px !important;border-top-width: 0px !important;border-bottom-width: 0px !important;padding-top: 0px !important;padding-bottom: 0px !important;}&#8221;][vc_single_image image=&#8221;104&#8243; img_size=&#8221;full&#8221; alignment=&#8221;center&#8221; css_animation=&#8221;right-to-left&#8221; css=&#8221;.vc_custom_1479930288662{margin-top: 0px !important;margin-bottom: 0px !important;border-top-width: 0px !important;border-bottom-width: 0px &hellip; <a href=\"https:\/\/www.filo-tex-garne.de\/en\/lager\/\">Continued<\/a><\/p>\n","protected":false},"author":1,"featured_media":0,"parent":0,"menu_order":0,"comment_status":"closed","ping_status":"closed","template":"","meta":{"footnotes":""},"class_list":["post-471","page","type-page","status-publish","hentry"],"aioseo_notices":[],"_links":{"self":[{"href":"https:\/\/www.filo-tex-garne.de\/en\/wp-json\/wp\/v2\/pages\/471","targetHints":{"allow":["GET"]}}],"collection":[{"href":"https:\/\/www.filo-tex-garne.de\/en\/wp-json\/wp\/v2\/pages"}],"about":[{"href":"https:\/\/www.filo-tex-garne.de\/en\/wp-json\/wp\/v2\/types\/page"}],"author":[{"embeddable":true,"href":"https:\/\/www.filo-tex-garne.de\/en\/wp-json\/wp\/v2\/users\/1"}],"replies":[{"embeddable":true,"href":"https:\/\/www.filo-tex-garne.de\/en\/wp-json\/wp\/v2\/comments?post=471"}],"version-history":[{"count":1,"href":"https:\/\/www.filo-tex-garne.de\/en\/wp-json\/wp\/v2\/pages\/471\/revisions"}],"predecessor-version":[{"id":715,"href":"https:\/\/www.filo-tex-garne.de\/en\/wp-json\/wp\/v2\/pages\/471\/revisions\/715"}],"wp:attachment":[{"href":"https:\/\/www.filo-tex-garne.de\/en\/wp-json\/wp\/v2\/media?parent=471"}],"curies":[{"name":"wp","href":"https:\/\/api.w.org\/{rel}","templated":true}]}}